{"id":165,"date":"2016-02-18T14:14:20","date_gmt":"2016-02-18T14:14:20","guid":{"rendered":"https:\/\/studiogronda.com\/es\/?page_id=165"},"modified":"2023-06-06T17:22:59","modified_gmt":"2023-06-06T17:22:59","slug":"contact","status":"publish","type":"page","link":"https:\/\/studiogronda.com\/es\/contact\/","title":{"rendered":"Contacto"},"content":{"rendered":"<div class=\"wpb-content-wrapper\"><p>[vc_row][vc_column width=\u00bb1\/2&#8243;][vc_column_text]<span style=\"color: #000000;\">GRONDA<\/span><br \/>\n<span style=\"color: #000000;\">Plaza Pedro Zerolo\u00a011 \u00b7 2\u00baA<\/span><br \/>\n<span style=\"color: #000000;\">Madrid 28004 \u00b7 SPAIN<\/span><br \/>\n<span style=\"color: #000000;\"><strong>T<\/strong>: +34 91 005 24 27<\/span><br \/>\n<span style=\"color: #000000;\"><strong>F<\/strong>: +34 91 005 24 37<\/span><br \/>\n<span style=\"color: #000000;\"><strong>E<\/strong>: <a href=\"mailto:studio@studiogronda.com\" target=\"_top\" rel=\"noopener\">studio@studiogronda.com<\/a><\/span>[\/vc_column_text][vc_column_text]GRONDA busca peri\u00f3dicamente nuevos dise\u00f1adores que quieran unirse al estudio. Si deseas que te tengamos en cuenta en un futuro proceso de selecci\u00f3n, env\u00eda tu curr\u00edculum y portfolio por correo electr\u00f3nico a <a href=\"mailto:jobs@studiogronda.com\" target=\"_top\" rel=\"noopener\">jobs@studiogronda.com<\/a>.<\/p>\n<p><strong>Consultas de prensa<\/strong>: <a href=\"mailto:pr@studiogronda.com\" target=\"_top\" rel=\"noopener\">pr@studiogronda.com<\/a>[\/vc_column_text][vc_single_image image=\u00bb2769&#8243; img_size=\u00bbmedium\u00bb][vc_column_text][\/vc_column_text][\/vc_column][vc_column width=\u00bb1\/2&#8243; css=\u00bb.vc_custom_1466755924401{margin-bottom: 30px !important;}\u00bb][vc_gmaps link=\u00bb#E-8_JTNDaWZyYW1lJTIwc3JjJTNEJTIyaHR0cHMlM0ElMkYlMkZ3d3cuZ29vZ2xlLmNvbSUyRm1hcHMlMkZlbWJlZCUzRnBiJTNEJTIxMW0xOCUyMTFtMTIlMjExbTMlMjExZDIwNDM0LjEyMTU3MjE3OTc4NSUyMTJkLTMuNzEzNjU5NzE2MzUzMjk5JTIxM2Q0MC40MTg4MTEwMzI3Nzk4MiUyMTJtMyUyMTFmMCUyMTJmMCUyMTNmMCUyMTNtMiUyMTFpMTAyNCUyMTJpNzY4JTIxNGYxMy4xJTIxM20zJTIxMW0yJTIxMXMweDAwMDAwMDAwMDAwMDAwMDAlMjUzQTB4YTk0YjVhNjBhMWRmNDU4MiUyMTJzU1RVRElPJTJCR1JPTkRBJTIxNWUwJTIxM20yJTIxMXNlbiUyMTJzZWclMjE0djE0NTc0MzcyNjMxMzMlMjIlMjB3aWR0aCUzRCUyMjYwMCUyMiUyMGhlaWdodCUzRCUyMjQ1MCUyMiUyMGZyYW1lYm9yZGVyJTNEJTIyMCUyMiUyMHN0eWxlJTNEJTIyYm9yZGVyJTNBMCUyMiUyMGFsbG93ZnVsbHNjcmVlbiUzRSUzQyUyRmlmcmFtZSUzRQ==\u00bb][\/vc_column][\/vc_row]<\/p>\n<\/div>","protected":false},"excerpt":{"rendered":"<p>[vc_row][vc_column width=\u00bb1\/2&#8243;][vc_column_text]GRONDA Plaza Pedro Zerolo\u00a011 \u00b7 2\u00baA Madrid 28004 \u00b7 SPAIN T: +34 91<\/p>\n","protected":false},"author":1,"featured_media":0,"parent":0,"menu_order":0,"comment_status":"closed","ping_status":"closed","template":"theme-option\/inside_pages_template.php","meta":{"_acf_changed":false,"footnotes":""},"class_list":["post-165","page","type-page","status-publish","hentry"],"acf":[],"_links":{"self":[{"href":"https:\/\/studiogronda.com\/es\/wp-json\/wp\/v2\/pages\/165","targetHints":{"allow":["GET"]}}],"collection":[{"href":"https:\/\/studiogronda.com\/es\/wp-json\/wp\/v2\/pages"}],"about":[{"href":"https:\/\/studiogronda.com\/es\/wp-json\/wp\/v2\/types\/page"}],"author":[{"embeddable":true,"href":"https:\/\/studiogronda.com\/es\/wp-json\/wp\/v2\/users\/1"}],"replies":[{"embeddable":true,"href":"https:\/\/studiogronda.com\/es\/wp-json\/wp\/v2\/comments?post=165"}],"version-history":[{"count":1,"href":"https:\/\/studiogronda.com\/es\/wp-json\/wp\/v2\/pages\/165\/revisions"}],"predecessor-version":[{"id":4604,"href":"https:\/\/studiogronda.com\/es\/wp-json\/wp\/v2\/pages\/165\/revisions\/4604"}],"wp:attachment":[{"href":"https:\/\/studiogronda.com\/es\/wp-json\/wp\/v2\/media?parent=165"}],"curies":[{"name":"wp","href":"https:\/\/api.w.org\/{rel}","templated":true}]}}